{"id":118,"date":"2016-07-11T11:11:44","date_gmt":"2016-07-11T11:11:44","guid":{"rendered":"http:\/\/www.caravanpark-costadaurada.com\/ca\/caravana-park-costa-daurada\/"},"modified":"2017-02-23T17:16:31","modified_gmt":"2017-02-23T16:16:31","slug":"caravana-park-costa-daurada","status":"publish","type":"page","link":"https:\/\/www.vanapark.com\/ca\/","title":{"rendered":"Parking de caravanes cobert Costa Daurada"},"content":{"rendered":"<div class=\"fusion-fullwidth fullwidth-box fusion-fullwidth-1  fusion-parallax-none nonhundred-percent-fullwidth\" style=\"border-color:#eae9e9;border-bottom-width: 0px;border-top-width: 0px;border-bottom-style: solid;border-top-style: solid;padding-bottom:20px;padding-top:20px;padding-left:;padding-right:;\" id=\"quiensomos\"><style type=\"text\/css\" scoped=\"scoped\">.fusion-fullwidth-1 {\n                            padding-left: px !important;\n                            padding-right: px !important;\n                        }<\/style><div class=\"fusion-row\"><h1 style=\"text-align: center;\">Parking de caravanes cobert Costa Daurada  \/ Tarragona \/ Salou<\/h1>\n<div class=\"fusion-one-half fusion-layout-column fusion-spacing-yes\" style=\"margin-top:0px;margin-bottom:20px;\"><div class=\"fusion-column-wrapper\"><p style=\"text-align: justify;\">Parking de caravanes Costa Dorada, Tarragona, Salou, accesible i econ\u00f2mic. En la nostra web podr\u00e0 trobar tota la informaci\u00f3 de la nostra empresa i serveis, podr\u00e0 consultar les nostres tarifes i posar-se en contacte per fer la seva reserva. Disposem d\u2019unes instal\u2022lacions privilegiades a pocs kil\u00f2metres de la meravellosa platja de la Costa Daurada.<\/p>\n<p style=\"text-align: justify;\">Les nostres instal\u2022lacions, de 1.200 metres quadrats, li asseguren la m\u00e0xima seguretat per la seva caravana o remolc. La distancia m\u00ednima entre vehicles i remolcs \u00e9s d\u2019 1 metre, l\u2019aparcament est\u00e0 vigilat i disposa d\u2019una asseguran\u00e7a inclosa al preu. Les instal\u2022lacions estan obertes, als nostres clients, les 24 h.<\/p>\n<p style=\"text-align: justify;\">Tamb\u00e9 disposem dels millors serveis per un correcte manteniment de la seva caravana, neteja exterior, greixatge, posada a punt, ITV, reparacions&#8230;<\/p>\n<p style=\"text-align: justify;\">Per \u00faltim, destacar que podem transportar la seva caravana o remolc al lloc que necessiti.<\/p>\n<p style=\"text-align: justify;\">Si te algun dubte o necessita m\u00e9s informaci\u00f3, sis plau no dubti en posar-se en contacte amb nosaltres.<\/p>\n<div class=\"fusion-clearfix\"><\/div><\/div><\/div><div class=\"fusion-one-half fusion-layout-column fusion-column-last fusion-spacing-yes\" style=\"margin-top:0px;margin-bottom:20px;\"><div class=\"fusion-column-wrapper\"><div class=\"imageframe-align-center\"><div class=\"imageframe-liftup\"><span class=\"fusion-imageframe imageframe-none imageframe-1\"> <img alt=\"Parking de Caravanas, Cubierto, Economico, Salou, Costa Dorada, Costa Daurada \" src=\"http:\/\/www.caravanpark-costadaurada.com\/wp-content\/uploads\/2016\/07\/foto_desc.jpg\" class=\"img-responsive\"\/><\/span><\/div><\/div><div class=\"fusion-clearfix\"><\/div><\/div><\/div><div class=\"fusion-clearfix\"><\/div><\/div><\/div><div class=\"fusion-fullwidth fullwidth-box fusion-fullwidth-2  fusion-parallax-none hundred-percent-fullwidth\" style=\"border-color:#282a2b;border-bottom-width: 1px;border-top-width: 1px;border-bottom-style: solid;border-top-style: solid;padding-bottom:20px;padding-top:20px;padding-left:;padding-right:;background-color:#f4f4f4;\" id=\"servicios\"><style type=\"text\/css\" scoped=\"scoped\">.fusion-fullwidth-2 {\n                            padding-left: px !important;\n                            padding-right: px !important;\n                        }<\/style><div class=\"fusion-row\"><div class=\"fusion-one-full fusion-layout-column fusion-column-last fusion-spacing-yes\" style=\"margin-top:0px;margin-bottom:20px;\"><div class=\"fusion-column-wrapper\"><h2 style=\"text-align: center;\">SERVEIS PER LA SEVA CARAVANA<\/h2>\n<div class=\"fusion-clearfix\"><\/div><\/div><\/div><div class=\"fusion-clearfix\"><\/div><div class=\"fusion-one-third fusion-layout-column fusion-spacing-yes\" style=\"margin-top:0px;margin-bottom:20px;\"><div class=\"fusion-column-wrapper\"><div class=\"imageframe-align-center\"><span class=\"fusion-imageframe imageframe-none imageframe-2 hover-type-none\"> <img alt=\"\" src=\"http:\/\/www.caravanpark-costadaurada.com\/wp-content\/uploads\/2016\/07\/parking_cub.png\" class=\"img-responsive\"\/><\/span><\/div><h3 style=\"text-align: center;\">Aparcament cobert<\/h3>\n<p style=\"text-align: center;\">1.200 metres quadrats d\u2019aparcament per la seva caravana, la distancia m\u00ednima entre caravanes \u00e9s d\u2019un metre.<\/p>\n<div class=\"fusion-clearfix\"><\/div><\/div><\/div><div class=\"fusion-one-third fusion-layout-column fusion-spacing-yes\" style=\"margin-top:0px;margin-bottom:20px;\"><div class=\"fusion-column-wrapper\"><div class=\"imageframe-align-center\"><span class=\"fusion-imageframe imageframe-none imageframe-3 hover-type-none\"> <img alt=\"\" src=\"http:\/\/www.caravanpark-costadaurada.com\/wp-content\/uploads\/2016\/07\/trans_cara.png\" class=\"img-responsive\"\/><\/span><\/div><h3 style=\"text-align: center;\">Transport amb grua<\/h3>\n<p style=\"text-align: center;\">Oferim la possibilitat que els nostres operaris realitzin el transport de la seva caravana al seu c\u00e0mping preferit.<\/p>\n<div class=\"fusion-clearfix\"><\/div><\/div><\/div><div class=\"fusion-one-third fusion-layout-column fusion-column-last fusion-spacing-yes\" style=\"margin-top:0px;margin-bottom:20px;\"><div class=\"fusion-column-wrapper\"><div class=\"imageframe-align-center\"><span class=\"fusion-imageframe imageframe-none imageframe-4 hover-type-none\"> <img alt=\"\" src=\"http:\/\/www.caravanpark-costadaurada.com\/wp-content\/uploads\/2016\/07\/neteja_ext.png\" class=\"img-responsive\"\/><\/span><\/div><h3 style=\"text-align: center;\">Neteja de l\u2019exterior<\/h3>\n<p style=\"text-align: center;\">Neteja exterior de la caravana amb Karcher a pressi\u00f3 i sab\u00f3, sostre incl\u00f2s.<\/p>\n<div class=\"fusion-clearfix\"><\/div><\/div><\/div><div class=\"fusion-clearfix\"><\/div><div class=\"fusion-sep-clear\"><\/div><div class=\"fusion-separator fusion-full-width-sep sep-none\" style=\"border-color:#e0dede;margin-left: auto;margin-right: auto;margin-top:;\"><\/div><div class=\"fusion-one-third fusion-layout-column fusion-spacing-yes\" style=\"margin-top:0px;margin-bottom:20px;\"><div class=\"fusion-column-wrapper\"><div class=\"imageframe-align-center\"><span class=\"fusion-imageframe imageframe-none imageframe-5 hover-type-none\"> <img alt=\"\" src=\"http:\/\/www.caravanpark-costadaurada.com\/wp-content\/uploads\/2016\/07\/engra_punt.png\" class=\"img-responsive\"\/><\/span><\/div><h3 style=\"text-align: center;\">Greixatge i posada a punt<\/h3>\n<p style=\"text-align: center;\">En les nostres instal\u2022lacions li oferim la possibilitat de greixar i realitzar el manteniment  de la seva caravana.<\/p>\n<div class=\"fusion-clearfix\"><\/div><\/div><\/div><div class=\"fusion-one-third fusion-layout-column fusion-spacing-yes\" style=\"margin-top:0px;margin-bottom:20px;\"><div class=\"fusion-column-wrapper\"><div class=\"imageframe-align-center\"><span class=\"fusion-imageframe imageframe-none imageframe-6 hover-type-none\"> <img alt=\"\" src=\"http:\/\/www.caravanpark-costadaurada.com\/wp-content\/uploads\/2016\/07\/itv.png\" class=\"img-responsive\"\/><\/span><\/div><h3 style=\"text-align: center;\">ITV<\/h3>\n<p style=\"text-align: center;\">Oferim la possibilitat que els nostres operaris realitzin el transport de la seva caravana per realitzar la inspecci\u00f3 t\u00e8cnica de vehicles ITV.<\/p>\n<div class=\"fusion-clearfix\"><\/div><\/div><\/div><div class=\"fusion-one-third fusion-layout-column fusion-column-last fusion-spacing-yes\" style=\"margin-top:0px;margin-bottom:20px;\"><div class=\"fusion-column-wrapper\"><div class=\"imageframe-align-center\"><span class=\"fusion-imageframe imageframe-none imageframe-7 hover-type-none\"> <img alt=\"\" src=\"http:\/\/www.caravanpark-costadaurada.com\/wp-content\/uploads\/2016\/07\/reparar.png\" class=\"img-responsive\"\/><\/span><\/div><h3 style=\"text-align: center;\">Reparacions<\/h3>\n<p style=\"text-align: center;\">Reparem tot tipus d\u2019averies relacionades amb la seva caravana, no dubti en contactar, li donarem un pressupost.<\/p>\n<div class=\"fusion-clearfix\"><\/div><\/div><\/div><div class=\"fusion-clearfix\"><\/div><\/div><\/div><div class=\"fusion-fullwidth fullwidth-box fusion-fullwidth-3  fusion-parallax-none nonhundred-percent-fullwidth\" style=\"border-color:#eae9e9;border-bottom-width: 0px;border-top-width: 0px;border-bottom-style: solid;border-top-style: solid;padding-bottom:20px;padding-top:20px;padding-left:;padding-right:;\" id=\"tarifas\"><style type=\"text\/css\" scoped=\"scoped\">.fusion-fullwidth-3 {\n                            padding-left: px !important;\n                            padding-right: px !important;\n                        }<\/style><div class=\"fusion-row\"><div class=\"fusion-one-full fusion-layout-column fusion-column-last fusion-spacing-yes\" style=\"margin-top:0px;margin-bottom:20px;\"><div class=\"fusion-column-wrapper\"><h2 style=\"text-align: center;\">Tarifes del nostre aparcament cobert<\/h2>\n<style type='text\/css'>\n\t\t.pricing-table-1 .panel-container, .pricing-table-1 .standout .panel-container,\n\t\t.pricing-table-1.full-boxed-pricing {background-color:#f8f8f8;}\n\t\t.pricing-table-1 .list-group .list-group-item,\n\t\t.pricing-table-1 .list-group .list-group-item:last-child{background-color:#ffffff; border-color:#ededed;}\n\t\t.pricing-table-1.full-boxed-pricing .panel-wrapper:hover .panel-heading,\n\t\t.pricing-table-1 .panel-wrapper:hover .list-group-item {background-color:#f8f8f8;}\n\t\t.pricing-table-1.full-boxed-pricing .panel-heading{background-color:#ffffff;}\n\t\t.pricing-table-1 .fusion-panel, .pricing-table-1 .panel-wrapper:last-child .fusion-panel, \n\t\t.pricing-table-1 .standout .fusion-panel, .pricing-table-1  .panel-heading, \n\t\t.pricing-table-1 .panel-body, .pricing-table-1 .panel-footer{border-color:#ededed;}\n\t\t.pricing-table-1 .panel-body,.pricing-table-1 .panel-footer{background-color:#f8f8f8;}\n\t\t<\/style><div class=\"fusion-pricing-table pricing-table-1 full-boxed-pricing row fusion-columns-4 columns-4 fusion-clearfix\"><div class=\"panel-wrapper fusion-column column col-lg-3 col-md-3 col-sm-3 fusion-pricingtable-column\"><div class=\"panel-container\"><div class=\"fusion-panel\"><div class=\"panel-heading\"><h3 class=\"title-row\">1 Mes<\/h3><\/div><div class=\"panel-body pricing-row\"><div class=\"price \"><span class=\"currency\">\u20ac<\/span><span class=\"integer-part\">60<\/span><span class=\"time price-without-decimal\">IVA inc<\/span><\/div><\/div><\/ul><div class=\"panel-footer footer-row\">Vigil\u00e0ncia tot l\u2019any<\/div><\/ul><div class=\"panel-footer footer-row\">Aparcament cobert<\/div><\/ul><div class=\"panel-footer footer-row\">Asseguran\u00e7a inclosa<\/div><\/ul><div class=\"panel-footer footer-row\">Obert 24h<\/div><\/div><\/div><\/div><div class=\"panel-wrapper fusion-column column col-lg-3 col-md-3 col-sm-3 fusion-pricingtable-column\"><div class=\"panel-container\"><div class=\"fusion-panel\"><div class=\"panel-heading\"><h3 class=\"title-row\">3 Mesos<\/h3><\/div><div class=\"panel-body pricing-row\"><div class=\"price \"><span class=\"currency\">\u20ac<\/span><span class=\"integer-part\">150<\/span><span class=\"time price-without-decimal\">IVA inc<\/span><\/div><\/div><\/ul><div class=\"panel-footer footer-row\">Vigil\u00e0ncia tot l\u2019any<\/div><\/ul><div class=\"panel-footer footer-row\">Aparcament cobert<\/div><\/ul><div class=\"panel-footer footer-row\">Asseguran\u00e7a inclosa<\/div><\/ul><div class=\"panel-footer footer-row\">Obert 24h<\/div><\/div><\/div><\/div><div class=\"panel-wrapper fusion-column column col-lg-3 col-md-3 col-sm-3 fusion-pricingtable-column\"><div class=\"panel-container\"><div class=\"fusion-panel\"><div class=\"panel-heading\"><h3 class=\"title-row\">6 Mesos<\/h3><\/div><div class=\"panel-body pricing-row\"><div class=\"price \"><span class=\"currency\">\u20ac<\/span><span class=\"integer-part\">250<\/span><span class=\"time price-without-decimal\">IVA inc<\/span><\/div><\/div>\t<\/ul><div class=\"panel-footer footer-row\">Vigil\u00e0ncia tot l\u2019any<\/div><\/ul><div class=\"panel-footer footer-row\">Aparcament cobert<\/div><\/ul><div class=\"panel-footer footer-row\">Asseguran\u00e7a inclosa<\/div><\/ul><div class=\"panel-footer footer-row\">Obert 24h<\/div><\/div><\/div><\/div><div class=\"panel-wrapper fusion-column column col-lg-3 col-md-3 col-sm-3 fusion-pricingtable-column\"><div class=\"panel-container\"><div class=\"fusion-panel\"><div class=\"panel-heading\"><h3 class=\"title-row\">1 Any<\/h3><\/div><div class=\"panel-body pricing-row\"><div class=\"price \"><span class=\"currency\">\u20ac<\/span><span class=\"integer-part\">480<\/span><span class=\"time price-without-decimal\">IVA inc<\/span><\/div><\/div><\/ul><div class=\"panel-footer footer-row\">Vigil\u00e0ncia tot l\u2019any<\/div><\/ul><div class=\"panel-footer footer-row\">Aparcament cobert<\/div><\/ul><div class=\"panel-footer footer-row\">Asseguran\u00e7a inclosa<\/div><\/ul><div class=\"panel-footer footer-row\">Obert 24h<\/div><\/div><\/div><\/div><\/div>\n<div class=\"fusion-clearfix\"><\/div><\/div><\/div><div class=\"fusion-clearfix\"><\/div><\/div><\/div><div class=\"fusion-fullwidth fullwidth-box fusion-fullwidth-4  fusion-parallax-none hundred-percent-fullwidth\" style=\"border-color:#282a2b;border-bottom-width: 1px;border-top-width: 1px;border-bottom-style: solid;border-top-style: solid;padding-bottom:20px;padding-top:20px;padding-left:;padding-right:;background-color:#f4f4f4;\" id=\"galeria\"><style type=\"text\/css\" scoped=\"scoped\">.fusion-fullwidth-4 {\n                            padding-left: px !important;\n                            padding-right: px !important;\n                        }<\/style><div class=\"fusion-row\"><div class=\"fusion-one-full fusion-layout-column fusion-column-last fusion-spacing-yes\" style=\"margin-top:0px;margin-bottom:20px;\"><div class=\"fusion-column-wrapper\"><h2 style=\"text-align: center;\">Galeria de fotografies de les nostres instal\u2022lacions<\/h2>\n<div class=\"fusion-image-carousel fusion-image-carousel-fixed lightbox-enabled fusion-carousel-border\"><div class=\"fusion-carousel\" data-autoplay=\"no\" data-columns=\"5\" data-itemmargin=\"13\" data-itemwidth=\"180\" data-touchscroll=\"no\" data-imagesize=\"fixed\"><div class=\"fusion-carousel-positioner\"><ul class=\"fusion-carousel-holder\"><li class=\"fusion-carousel-item\"><div class=\"fusion-carousel-item-wrapper\"><div class=\"fusion-image-wrapper hover-type-none\"><a data-rel=\"iLightbox[gallery_image_1]\" data-title=\"Parking de caravanes cobert Costa Daurada\" href=\"http:\/\/www.caravanpark-costadaurada.com\/wp-content\/uploads\/2016\/07\/gal1.jpg\" target=\"_self\"><img src=\"http:\/\/www.caravanpark-costadaurada.com\/wp-content\/uploads\/2016\/07\/gal1.jpg\" alt=\"\" \/><\/a><\/div><\/div><\/li><li class=\"fusion-carousel-item\"><div class=\"fusion-carousel-item-wrapper\"><div class=\"fusion-image-wrapper hover-type-none\"><a data-rel=\"iLightbox[gallery_image_1]\" data-title=\"Parking de caravanes cobert Costa Daurada\" href=\"http:\/\/www.caravanpark-costadaurada.com\/wp-content\/uploads\/2016\/07\/gal2.jpg\" target=\"_self\"><img src=\"http:\/\/www.caravanpark-costadaurada.com\/wp-content\/uploads\/2016\/07\/gal2.jpg\" alt=\"\" \/><\/a><\/div><\/div><\/li><li class=\"fusion-carousel-item\"><div class=\"fusion-carousel-item-wrapper\"><div class=\"fusion-image-wrapper hover-type-none\"><a data-rel=\"iLightbox[gallery_image_1]\" data-title=\"Parking de caravanes cobert Costa Daurada\" href=\"http:\/\/www.caravanpark-costadaurada.com\/wp-content\/uploads\/2016\/07\/gal3.jpg\" target=\"_self\"><img src=\"http:\/\/www.caravanpark-costadaurada.com\/wp-content\/uploads\/2016\/07\/gal3.jpg\" alt=\"\" \/><\/a><\/div><\/div><\/li><li class=\"fusion-carousel-item\"><div class=\"fusion-carousel-item-wrapper\"><div class=\"fusion-image-wrapper hover-type-none\"><a data-rel=\"iLightbox[gallery_image_1]\" data-title=\"Parking de caravanes cobert Costa Daurada\" href=\"http:\/\/www.caravanpark-costadaurada.com\/wp-content\/uploads\/2016\/07\/gal4-1024x440.jpg\" target=\"_self\"><img src=\"http:\/\/www.caravanpark-costadaurada.com\/wp-content\/uploads\/2016\/07\/gal4-1024x440.jpg\" alt=\"\" \/><\/a><\/div><\/div><\/li><\/ul><div class=\"fusion-carousel-nav\"><span class=\"fusion-nav-prev\"><\/span><span class=\"fusion-nav-next\"><\/span><\/div><\/div><\/div><\/div><div class=\"fusion-clearfix\"><\/div><\/div><\/div><div class=\"fusion-clearfix\"><\/div><\/div><\/div><div class=\"fusion-fullwidth fullwidth-box fusion-fullwidth-5  fusion-parallax-none nonhundred-percent-fullwidth\" style=\"border-color:#eae9e9;border-bottom-width: 0px;border-top-width: 0px;border-bottom-style: solid;border-top-style: solid;padding-bottom:20px;padding-top:20px;padding-left:;padding-right:;\" id=\"contacto\"><style type=\"text\/css\" scoped=\"scoped\">.fusion-fullwidth-5 {\n                            padding-left: px !important;\n                            padding-right: px !important;\n                        }<\/style><div class=\"fusion-row\"><h2 style=\"text-align: center;\">Formulari de contacte<\/h2>\n<div class=\"fusion-one-half fusion-layout-column fusion-spacing-yes\" style=\"margin-top:0px;margin-bottom:20px;\"><div class=\"fusion-column-wrapper\"><iframe src=\"https:\/\/www.google.com\/maps\/embed?pb=!1m18!1m12!1m3!1d3006.3071246097807!2d0.6449062157378082!3d41.10598312135493!2m3!1f0!2f0!3f0!3m2!1i1024!2i768!4f13.1!3m3!1m2!1s0x12a12631aad16abd%3A0xb100ba42a112a353!2sCarrer+Roman%C3%AD%2C+12%2C+43770+M%C3%B3ra+la+Nova%2C+Tarragona!5e0!3m2!1ses!2ses!4v1468253470919\" width=\"100%\" height=\"450\" frameborder=\"0\" style=\"border:0\" allowfullscreen><\/iframe><div class=\"fusion-clearfix\"><\/div><\/div><\/div><div class=\"fusion-one-half fusion-layout-column fusion-column-last fusion-spacing-yes\" style=\"margin-top:0px;margin-bottom:20px;\"><div class=\"fusion-column-wrapper\"><div role=\"form\" class=\"wpcf7\" id=\"wpcf7-f178-o1\" lang=\"es-ES\" dir=\"ltr\">\n<div class=\"screen-reader-response\"><\/div>\n<form action=\"\/ca\/wp-json\/wp\/v2\/pages\/118#wpcf7-f178-o1\" method=\"post\" class=\"wpcf7-form\" novalidate=\"novalidate\">\n<div style=\"display: none;\">\n<input type=\"hidden\" name=\"_wpcf7\" value=\"178\" \/>\n<input type=\"hidden\" name=\"_wpcf7_version\" value=\"4.4.2\" \/>\n<input type=\"hidden\" name=\"_wpcf7_locale\" value=\"es_ES\" \/>\n<input type=\"hidden\" name=\"_wpcf7_unit_tag\" value=\"wpcf7-f178-o1\" \/>\n<input type=\"hidden\" name=\"_wpnonce\" value=\"487de1d3a0\" \/>\n<\/div>\n<p>Nom (requerit)<br \/>\n    <span class=\"wpcf7-form-control-wrap your-name\"><input type=\"text\" name=\"your-name\" value=\"\" size=\"40\" class=\"wpcf7-form-control wpcf7-text wpcf7-validates-as-required\" aria-required=\"true\" aria-invalid=\"false\" \/><\/span> <\/p>\n<p>Correu electr\u00f2nic (requerit)<br \/>\n    <span class=\"wpcf7-form-control-wrap your-email\"><input type=\"email\" name=\"your-email\" value=\"\" size=\"40\" class=\"wpcf7-form-control wpcf7-text wpcf7-email wpcf7-validates-as-required wpcf7-validates-as-email\" aria-required=\"true\" aria-invalid=\"false\" \/><\/span> <\/p>\n<p>Tel\u00e8fon (requerit)<br \/>\n    <span class=\"wpcf7-form-control-wrap your-tel\"><input type=\"tel\" name=\"your-tel\" value=\"\" size=\"40\" class=\"wpcf7-form-control wpcf7-text wpcf7-tel wpcf7-validates-as-tel\" aria-invalid=\"false\" \/><\/span> <\/p>\n<p>Missatge<br \/>\n    <span class=\"wpcf7-form-control-wrap your-message\"><textarea name=\"your-message\" cols=\"40\" rows=\"10\" class=\"wpcf7-form-control wpcf7-textarea\" aria-invalid=\"false\"><\/textarea><\/span> <\/p>\n<div class=\"wpcf7-form-control-wrap\"><div data-sitekey=\"6Le-TCQUAAAAAMUj9c6YqzT4TxnO7PkgZBNLvMeu\" class=\"wpcf7-form-control g-recaptcha wpcf7-recaptcha\"><\/div>\n<noscript>\n\t<div style=\"width: 302px; height: 422px;\">\n\t\t<div style=\"width: 302px; height: 422px; position: relative;\">\n\t\t\t<div style=\"width: 302px; height: 422px; position: absolute;\">\n\t\t\t\t<iframe src=\"https:\/\/www.google.com\/recaptcha\/api\/fallback?k=6Le-TCQUAAAAAMUj9c6YqzT4TxnO7PkgZBNLvMeu\" frameborder=\"0\" scrolling=\"no\" style=\"width: 302px; height:422px; border-style: none;\">\n\t\t\t\t<\/iframe>\n\t\t\t<\/div>\n\t\t\t<div style=\"width: 300px; height: 60px; border-style: none; bottom: 12px; left: 25px; margin: 0px; padding: 0px; right: 25px; background: #f9f9f9; border: 1px solid #c1c1c1; border-radius: 3px;\">\n\t\t\t\t<textarea id=\"g-recaptcha-response\" name=\"g-recaptcha-response\" class=\"g-recaptcha-response\" style=\"width: 250px; height: 40px; border: 1px solid #c1c1c1; margin: 10px 25px; padding: 0px; resize: none;\">\n\t\t\t\t<\/textarea>\n\t\t\t<\/div>\n\t\t<\/div>\n\t<\/div>\n<\/noscript>\n<\/div>\n<p><br><\/p>\n<p><input type=\"submit\" value=\"Enviar\" class=\"wpcf7-form-control wpcf7-submit\" \/><\/p>\n<div class=\"wpcf7-response-output wpcf7-display-none\"><\/div><\/form><\/div><div class=\"fusion-clearfix\"><\/div><\/div><\/div><div class=\"fusion-clearfix\"><\/div><\/div><\/div>\n","protected":false},"excerpt":{"rendered":"","protected":false},"author":1,"featured_media":0,"parent":0,"menu_order":0,"comment_status":"closed","ping_status":"open","template":"","meta":[],"_links":{"self":[{"href":"https:\/\/www.vanapark.com\/ca\/wp-json\/wp\/v2\/pages\/118"}],"collection":[{"href":"https:\/\/www.vanapark.com\/ca\/wp-json\/wp\/v2\/pages"}],"about":[{"href":"https:\/\/www.vanapark.com\/ca\/wp-json\/wp\/v2\/types\/page"}],"author":[{"embeddable":true,"href":"https:\/\/www.vanapark.com\/ca\/wp-json\/wp\/v2\/users\/1"}],"replies":[{"embeddable":true,"href":"https:\/\/www.vanapark.com\/ca\/wp-json\/wp\/v2\/comments?post=118"}],"version-history":[{"count":18,"href":"https:\/\/www.vanapark.com\/ca\/wp-json\/wp\/v2\/pages\/118\/revisions"}],"predecessor-version":[{"id":236,"href":"https:\/\/www.vanapark.com\/ca\/wp-json\/wp\/v2\/pages\/118\/revisions\/236"}],"wp:attachment":[{"href":"https:\/\/www.vanapark.com\/ca\/wp-json\/wp\/v2\/media?parent=118"}],"curies":[{"name":"wp","href":"https:\/\/api.w.org\/{rel}","templated":true}]}}